{"id":5,"date":"2024-01-29T13:10:42","date_gmt":"2024-01-29T13:10:42","guid":{"rendered":"https:\/\/www.syntax-finance.com\/?page_id=5"},"modified":"2024-02-29T15:13:25","modified_gmt":"2024-02-29T15:13:25","slug":"about-us","status":"publish","type":"page","link":"https:\/\/www.syntax-finance.com\/fr\/a-propos\/","title":{"rendered":"\u00c0 Propos"},"content":{"rendered":"<div id=\"sf-hero-block_7d11d5875c0c12f91b4254605e91a711\" class=\"sf-hero sf-section-element s2 pb-150 hero_min\">\n    <div class=\"sf-container\">\n                    <div class=\"sf-hero__body\">\n                                    <h1>Une \u00e9quipe d\u2019experts marketing et de cr\u00e9ateurs de contenus sp\u00e9cialis\u00e9s<\/h1>\n                \n                            <\/div>\n            <\/div>\n<\/div>\n\n\n\n<div id=\"sf-team-block_1b9cb70177f467790b85a5fa56b9bc2a\" class=\"sf-team sf-section-element\">\n    <div class=\"sf-container\">\n                    <h2 class=\"sf-team__title\">Notre \u00e9quipe<\/h2>\n        \n                    <div class=\"sf-team__row\">\n                                    <div class=\"sf-team__col\">\n                        <div class=\"sf-team__item\">\n                                                            <div class=\"sf-team__item-image\">\n                                    <img loading=\"lazy\" decoding=\"async\" width=\"1024\" height=\"1024\" src=\"https:\/\/www.syntax-finance.com\/wp-content\/uploads\/2024\/01\/file-1-1024x1024.png\" class=\"attachment-large size-large\" alt=\"\" srcset=\"https:\/\/www.syntax-finance.com\/wp-content\/uploads\/2024\/01\/file-1-1024x1024.png 1024w, https:\/\/www.syntax-finance.com\/wp-content\/uploads\/2024\/01\/file-1-300x300.png 300w, https:\/\/www.syntax-finance.com\/wp-content\/uploads\/2024\/01\/file-1-150x150.png 150w, https:\/\/www.syntax-finance.com\/wp-content\/uploads\/2024\/01\/file-1-768x768.png 768w, https:\/\/www.syntax-finance.com\/wp-content\/uploads\/2024\/01\/file-1-12x12.png 12w, https:\/\/www.syntax-finance.com\/wp-content\/uploads\/2024\/01\/file-1-60x60.png 60w, https:\/\/www.syntax-finance.com\/wp-content\/uploads\/2024\/01\/file-1.png 1080w\" sizes=\"auto, (max-width: 1024px) 100vw, 1024px\" \/>                                <\/div>\n                            \n                            <div class=\"sf-team__item-body\">\n                                <div class=\"sf-team__item-content\">\n                                    <h4 class=\"sf-team__item-name\">Maxime Parra<\/h4>\n                                                                            <p class=\"sf-team__item-position\">Founder &#038; Writer-in-chief<\/p>\n                                                                    <\/div>\n                            <\/div>\n\n                                                            <div class=\"sf-team__item-info\">\n                                    <div class=\"sf-team__item-info-wrap\">\n                                        <h4 class=\"sf-team__item-name\">Maxime Parra<\/h4>                                        Double Master de la SKEMA Business School, avec une sp\u00e9cialisation en analyse financi\u00e8re internationale. <br \/>\r\n<br \/>\r\nR\u00e9ussite au niveau 1 du CFA (Chartered Financial Analyst).<br \/>\r\n<br \/>\r\nFondateur et r\u00e9dacteur en chef de Syntax Finance, Maxime aide depuis 2013 les plus grandes marques financi\u00e8res \u00e0 concevoir et ex\u00e9cuter leurs strat\u00e9gies de contenu.                                    <\/div>\n                                <\/div>\n                                                    <\/div>\n                    <\/div>\n                                    <div class=\"sf-team__col\">\n                        <div class=\"sf-team__item\">\n                                                            <div class=\"sf-team__item-image\">\n                                    <img loading=\"lazy\" decoding=\"async\" width=\"1024\" height=\"1024\" src=\"https:\/\/www.syntax-finance.com\/wp-content\/uploads\/2024\/01\/Untitled-design-9-1024x1024.png\" class=\"attachment-large size-large\" alt=\"\" srcset=\"https:\/\/www.syntax-finance.com\/wp-content\/uploads\/2024\/01\/Untitled-design-9-1024x1024.png 1024w, https:\/\/www.syntax-finance.com\/wp-content\/uploads\/2024\/01\/Untitled-design-9-300x300.png 300w, https:\/\/www.syntax-finance.com\/wp-content\/uploads\/2024\/01\/Untitled-design-9-150x150.png 150w, https:\/\/www.syntax-finance.com\/wp-content\/uploads\/2024\/01\/Untitled-design-9-768x768.png 768w, https:\/\/www.syntax-finance.com\/wp-content\/uploads\/2024\/01\/Untitled-design-9-12x12.png 12w, https:\/\/www.syntax-finance.com\/wp-content\/uploads\/2024\/01\/Untitled-design-9-60x60.png 60w, https:\/\/www.syntax-finance.com\/wp-content\/uploads\/2024\/01\/Untitled-design-9.png 1080w\" sizes=\"auto, (max-width: 1024px) 100vw, 1024px\" \/>                                <\/div>\n                            \n                            <div class=\"sf-team__item-body\">\n                                <div class=\"sf-team__item-content\">\n                                    <h4 class=\"sf-team__item-name\">Othmane Bennis<\/h4>\n                                                                            <p class=\"sf-team__item-position\">Cofounder &#038; Lead Strategist<\/p>\n                                                                    <\/div>\n                            <\/div>\n\n                                                            <div class=\"sf-team__item-info\">\n                                    <div class=\"sf-team__item-info-wrap\">\n                                        <h4 class=\"sf-team__item-name\">Othmane Bennis<\/h4>                                        Double Master de la SKEMA Business School, avec une sp\u00e9cialisation en analyse financi\u00e8re internationale. <br \/>\r\n<br \/>\r\nR\u00e9ussite au niveau 1 du CFA (Chartered Financial Analyst).<br \/>\r\n<br \/>\r\nOthmane est un sp\u00e9cialiste du Growth Marketing qui a con\u00e7u et pilot\u00e9 des strat\u00e9gies de contenu pour plus de 40 acteurs cl\u00e9s du secteur des services financiers.                                    <\/div>\n                                <\/div>\n                                                    <\/div>\n                    <\/div>\n                                    <div class=\"sf-team__col\">\n                        <div class=\"sf-team__item\">\n                                                            <div class=\"sf-team__item-image\">\n                                    <img loading=\"lazy\" decoding=\"async\" width=\"1024\" height=\"1024\" src=\"https:\/\/www.syntax-finance.com\/wp-content\/uploads\/2024\/01\/Untitled-design-7-1024x1024.png\" class=\"attachment-large size-large\" alt=\"\" srcset=\"https:\/\/www.syntax-finance.com\/wp-content\/uploads\/2024\/01\/Untitled-design-7-1024x1024.png 1024w, https:\/\/www.syntax-finance.com\/wp-content\/uploads\/2024\/01\/Untitled-design-7-300x300.png 300w, https:\/\/www.syntax-finance.com\/wp-content\/uploads\/2024\/01\/Untitled-design-7-150x150.png 150w, https:\/\/www.syntax-finance.com\/wp-content\/uploads\/2024\/01\/Untitled-design-7-768x768.png 768w, https:\/\/www.syntax-finance.com\/wp-content\/uploads\/2024\/01\/Untitled-design-7-12x12.png 12w, https:\/\/www.syntax-finance.com\/wp-content\/uploads\/2024\/01\/Untitled-design-7-60x60.png 60w, https:\/\/www.syntax-finance.com\/wp-content\/uploads\/2024\/01\/Untitled-design-7.png 1080w\" sizes=\"auto, (max-width: 1024px) 100vw, 1024px\" \/>                                <\/div>\n                            \n                            <div class=\"sf-team__item-body\">\n                                <div class=\"sf-team__item-content\">\n                                    <h4 class=\"sf-team__item-name\">Audrey Croiset<\/h4>\n                                                                            <p class=\"sf-team__item-position\">Lead Copywriter<\/p>\n                                                                    <\/div>\n                            <\/div>\n\n                                                            <div class=\"sf-team__item-info\">\n                                    <div class=\"sf-team__item-info-wrap\">\n                                        <h4 class=\"sf-team__item-name\">Audrey Croiset<\/h4>                                        Dipl\u00f4me d\u2019\u00e9tudes comptables et financi\u00e8res (DECF)<br \/>\r\n<br \/>\r\nBaaS, Paiements, Embedded Finance, Open Banking, Comptatech.<br \/>\r\n<br \/>\r\nAudrey combine son exp\u00e9rience vari\u00e9e en comptabilit\u00e9, en entreprise, en cabinet et au Cr\u00e9dit Agricole. Ses textes vont au-del\u00e0 de l'information de base. Ils offrent une perspective nuanc\u00e9e et ancr\u00e9e dans une solide expertise m\u00e9tier.                                     <\/div>\n                                <\/div>\n                                                    <\/div>\n                    <\/div>\n                                    <div class=\"sf-team__col\">\n                        <div class=\"sf-team__item\">\n                                                            <div class=\"sf-team__item-image\">\n                                    <img loading=\"lazy\" decoding=\"async\" width=\"1024\" height=\"1024\" src=\"https:\/\/www.syntax-finance.com\/wp-content\/uploads\/2024\/01\/Untitled-design-6-1024x1024.png\" class=\"attachment-large size-large\" alt=\"\" srcset=\"https:\/\/www.syntax-finance.com\/wp-content\/uploads\/2024\/01\/Untitled-design-6-1024x1024.png 1024w, https:\/\/www.syntax-finance.com\/wp-content\/uploads\/2024\/01\/Untitled-design-6-300x300.png 300w, https:\/\/www.syntax-finance.com\/wp-content\/uploads\/2024\/01\/Untitled-design-6-150x150.png 150w, https:\/\/www.syntax-finance.com\/wp-content\/uploads\/2024\/01\/Untitled-design-6-768x768.png 768w, https:\/\/www.syntax-finance.com\/wp-content\/uploads\/2024\/01\/Untitled-design-6-12x12.png 12w, https:\/\/www.syntax-finance.com\/wp-content\/uploads\/2024\/01\/Untitled-design-6-60x60.png 60w, https:\/\/www.syntax-finance.com\/wp-content\/uploads\/2024\/01\/Untitled-design-6.png 1080w\" sizes=\"auto, (max-width: 1024px) 100vw, 1024px\" \/>                                <\/div>\n                            \n                            <div class=\"sf-team__item-body\">\n                                <div class=\"sf-team__item-content\">\n                                    <h4 class=\"sf-team__item-name\">L\u00faa Cruz-Fernandez<\/h4>\n                                                                            <p class=\"sf-team__item-position\">International Content Manager <\/p>\n                                                                    <\/div>\n                            <\/div>\n\n                                                            <div class=\"sf-team__item-info\">\n                                    <div class=\"sf-team__item-info-wrap\">\n                                        <h4 class=\"sf-team__item-name\">L\u00faa Cruz-Fernandez<\/h4>                                        Master en Traduction et Communication Internationale<br \/>\r\n<br \/>\r\nExpertise : Foreign exchange, BaaS, payments, Trading.<br \/>\r\n<br \/>\r\nL\u00faa veille \u00e0 la qualit\u00e9 et \u00e0 la pertinence des contenus diffus\u00e9s. Elle accorde une attention m\u00e9ticuleuse aux d\u00e9tails et aux besoins sp\u00e9cifiques de chaque projet qu'elle supervise. En outre, son expertise en mati\u00e8re de traduction et de localisation lui conf\u00e8re un atout inestimable pour la communication au niveau international.                                    <\/div>\n                                <\/div>\n                                                    <\/div>\n                    <\/div>\n                            <\/div>\n            <\/div>\n<\/div>\n\n\n<div id=\"sf-history-block_44a102cb63c7aafd49fb456049f2444b\" class=\"sf-history sf-section-element\">\n\t<div class=\"sf-container\">\n\t\t\t\t\t<h2 class=\" translation-block\">Nous agissons comme une extension agile <br> de votre \u00e9quipe marketing<\/h2>\n\t\t\n\t\t\t\t\t<div class=\"sf-history__wrap\">\n\t\t\t\t\t\t\t\t\t<div class=\"sf-history__block block_start\">\n\t\t\t\t\t\t<div class=\"sf-history__block-content\">\n                            <div class=\"sf-history__block-info\">\n                                <div class=\"sf-history__block-number\">10<\/div>\n                                <span class=\"sf-history__block-label\">Ans<\/span>\n                            <\/div>\n\t\t\t\t\t\t\t<h4>L'exp\u00e9rience que nous avons accumul\u00e9 au service des meilleures marques financi\u00e8res.<\/h4>\n\t\t\t\t\t\t<\/div>\n\t\t\t\t\t<\/div>\n\t\t\t\t\t\t\t\t\t<div class=\"sf-history__block block_center\">\n\t\t\t\t\t\t<div class=\"sf-history__block-content\">\n                            <div class=\"sf-history__block-info\">\n                                <div class=\"sf-history__block-number\">50<\/div>\n                                <span class=\"sf-history__block-label\">Sp\u00e9cialistes<\/span>\n                            <\/div>\n\t\t\t\t\t\t\t<h4>Le r\u00e9seau de talents marketing et financiers finement s\u00e9lectionn\u00e9s que nous pouvons mobiliser.<\/h4>\n\t\t\t\t\t\t<\/div>\n\t\t\t\t\t<\/div>\n\t\t\t\t\t\t\t\t\t<div class=\"sf-history__block block_end\">\n\t\t\t\t\t\t<div class=\"sf-history__block-content\">\n                            <div class=\"sf-history__block-info\">\n                                <div class=\"sf-history__block-number\">360\u00ba<\/div>\n                                <span class=\"sf-history__block-label\">Tech stack<\/span>\n                            <\/div>\n\t\t\t\t\t\t\t<h4>Les outils que nous int\u00e9grons \u00e0 nos processus pour amplifier l'impact de vos actions marketing.<\/h4>\n\t\t\t\t\t\t<\/div>\n\t\t\t\t\t<\/div>\n\t\t\t\t\t\t\t<\/div>\n\t\t\t<\/div>\n<\/div>\n\n\n\n\n<div id=\"sf-join-block_35475863b9969b89799d8b256ab5728c\" class=\"sf-join sf-section-element\">\n    <div class=\"sf-container\">\n        <div class=\"sf-join__wrap\">\n                            <h2>Nos valeurs<\/h2>\n                        \n                            <h3 class=\" translation-block\">Nous convertissons les intuitions en hypoth\u00e8ses marketing \u00e0 tester.<br>\nNous challengeons les id\u00e9es avec bienveillance et humilit\u00e9.<br>\n\nNous agissons toujours dans l'int\u00e9r\u00eat de nos clients.<br>\nNous priorisons les r\u00e9sultats mesurables.<br>\n<br>\n<br>\nVous souhaitez rejoindre notre \u00e9quipe ?<\/h3>\n            \n                    <a href=\"https:\/\/forms.gle\/Bo4mqsjZis3qsjtu5\" class=\"sf-btn sf-btn_arrow sf-btn_white sf-btn_center\" target=\"_blank\" rel=\"noopener\">\n            En savoir plus            <span>\n                <svg width=\"16\" height=\"9\" viewbox=\"0 0 16 9\" fill=\"none\" xmlns=\"http:\/\/www.w3.org\/2000\/svg\">\n                    <path d=\"M15.1847 4.85355C15.38 4.65829 15.38 4.34171 15.1847 4.14645L12.0027 0.964466C11.8075 0.769204 11.4909 0.769204 11.2956 0.964466C11.1004 1.15973 11.1004 1.47631 11.2956 1.67157L14.1241 4.5L11.2956 7.32843C11.1004 7.52369 11.1004 7.84027 11.2956 8.03553C11.4909 8.2308 11.8075 8.2308 12.0027 8.03553L15.1847 4.85355ZM0.5 5H14.8312V4H0.5V5Z\" fill=\"black\" \/>\n                <\/svg>\n            <\/span>\n        <\/a>\n                <\/div>\n    <\/div>\n<\/div>","protected":false},"excerpt":{"rendered":"","protected":false},"author":1,"featured_media":0,"parent":0,"menu_order":0,"comment_status":"closed","ping_status":"closed","template":"","meta":{"inline_featured_image":false,"footnotes":""},"class_list":["post-5","page","type-page","status-publish","hentry"],"acf":[],"_links":{"self":[{"href":"https:\/\/www.syntax-finance.com\/fr\/wp-json\/wp\/v2\/pages\/5","targetHints":{"allow":["GET"]}}],"collection":[{"href":"https:\/\/www.syntax-finance.com\/fr\/wp-json\/wp\/v2\/pages"}],"about":[{"href":"https:\/\/www.syntax-finance.com\/fr\/wp-json\/wp\/v2\/types\/page"}],"author":[{"embeddable":true,"href":"https:\/\/www.syntax-finance.com\/fr\/wp-json\/wp\/v2\/users\/1"}],"replies":[{"embeddable":true,"href":"https:\/\/www.syntax-finance.com\/fr\/wp-json\/wp\/v2\/comments?post=5"}],"version-history":[{"count":28,"href":"https:\/\/www.syntax-finance.com\/fr\/wp-json\/wp\/v2\/pages\/5\/revisions"}],"predecessor-version":[{"id":406,"href":"https:\/\/www.syntax-finance.com\/fr\/wp-json\/wp\/v2\/pages\/5\/revisions\/406"}],"wp:attachment":[{"href":"https:\/\/www.syntax-finance.com\/fr\/wp-json\/wp\/v2\/media?parent=5"}],"curies":[{"name":"wp","href":"https:\/\/api.w.org\/{rel}","templated":true}]}}