{"id":265,"date":"2024-02-27T07:54:46","date_gmt":"2024-02-27T07:54:46","guid":{"rendered":"https:\/\/www.syntax-finance.com\/?page_id=265"},"modified":"2024-02-27T16:52:48","modified_gmt":"2024-02-27T16:52:48","slug":"legal","status":"publish","type":"page","link":"https:\/\/www.syntax-finance.com\/fr\/legal\/","title":{"rendered":"Mentions l\u00e9gales"},"content":{"rendered":"<h3 class=\"wp-block-heading\">RESPONSBLE DE LA PUBLICATION<\/h3>\n\n\n\n<p>Ce site est \u00e9dit\u00e9 par SYNTAX FINANCE, SAS au capital de 70 000 euros, immatricul\u00e9e sous le num\u00e9ro 794 082 7840 0024 au RCS de Bordeaux, dont le si\u00e8ge social est situ\u00e9 3, All\u00e9e Van Gogh, Saint-Aubin de M\u00e9doc - 33160, et repr\u00e9sent\u00e9e par son PDG, Maxime Parra.<\/p>\n\n\n\n<h3 class=\"wp-block-heading\">MANAGING EDITOR<\/h3>\n\n\n\n<p class=\" translation-block\">Le Directeur de la publication du site est M. Maxime Parra.<br>Email : Contact (@)syntax-finance.com<br>Conception et maintenance du site : Interne<br>Conform\u00e9ment aux droits conf\u00e9r\u00e9s par le <strong><em>Loi du 29 juillet 1881<\/em><\/strong> (loi n\u00b0 1881-07-29), relative \u00e0 la libert\u00e9 de la presse et <strong><em>Loi du 30 septembre 1986<\/em> <\/strong> (loi n\u00b0 86-1067), relative \u00e0 la libert\u00e9 de communication, toute correspondance doit \u00eatre adress\u00e9e au Directeur de la r\u00e9daction.<\/p>\n\n\n\n<h3 class=\"wp-block-heading\">FOURNISSEUR D'H\u00c9BERGEMENT<\/h3>\n\n\n\n<p class=\" translation-block\">Cloudways est une soci\u00e9t\u00e9 d'h\u00e9bergement internationale.\nSi\u00e8ge social Malte. Junction Business Centre, 1st Floor Sqaq Lourdes, St Julians STJ3334, Malta.\nSite web : https:\/\/www.cloudways.com\/<\/p>\n\n\n\n<h3 class=\"wp-block-heading\">WEBSITE CREDIT<\/h3>\n\n\n\n<p class=\" translation-block\">L'\u00e9quipe Syntax Finance<\/p>","protected":false},"excerpt":{"rendered":"<p>PUBLISHER This site is published by SYNTAX FINANCE, SAS with a capital of 70,000 euros, registered under number 794 082 7840 0024 at the Bordeaux RCS, having a registered office at 3, All\u00e9e Van Gogh, Saint-Aubin de M\u00e9doc \u2013 33160, and represented by its CEO, Maxime Parra. MANAGING EDITOR The Managing Editor of the site [&hellip;]<\/p>","protected":false},"author":1,"featured_media":0,"parent":0,"menu_order":0,"comment_status":"closed","ping_status":"closed","template":"","meta":{"inline_featured_image":false,"footnotes":""},"class_list":["post-265","page","type-page","status-publish","hentry"],"acf":[],"_links":{"self":[{"href":"https:\/\/www.syntax-finance.com\/fr\/wp-json\/wp\/v2\/pages\/265","targetHints":{"allow":["GET"]}}],"collection":[{"href":"https:\/\/www.syntax-finance.com\/fr\/wp-json\/wp\/v2\/pages"}],"about":[{"href":"https:\/\/www.syntax-finance.com\/fr\/wp-json\/wp\/v2\/types\/page"}],"author":[{"embeddable":true,"href":"https:\/\/www.syntax-finance.com\/fr\/wp-json\/wp\/v2\/users\/1"}],"replies":[{"embeddable":true,"href":"https:\/\/www.syntax-finance.com\/fr\/wp-json\/wp\/v2\/comments?post=265"}],"version-history":[{"count":5,"href":"https:\/\/www.syntax-finance.com\/fr\/wp-json\/wp\/v2\/pages\/265\/revisions"}],"predecessor-version":[{"id":302,"href":"https:\/\/www.syntax-finance.com\/fr\/wp-json\/wp\/v2\/pages\/265\/revisions\/302"}],"wp:attachment":[{"href":"https:\/\/www.syntax-finance.com\/fr\/wp-json\/wp\/v2\/media?parent=265"}],"curies":[{"name":"wp","href":"https:\/\/api.w.org\/{rel}","templated":true}]}}