{"id":5,"date":"2024-01-29T13:10:42","date_gmt":"2024-01-29T13:10:42","guid":{"rendered":"https:\/\/www.syntax-finance.com\/?page_id=5"},"modified":"2024-02-29T15:13:25","modified_gmt":"2024-02-29T15:13:25","slug":"about-us","status":"publish","type":"page","link":"https:\/\/www.syntax-finance.com\/es\/about-us\/","title":{"rendered":"Sobre nosotros"},"content":{"rendered":"<div id=\"sf-hero-block_7d11d5875c0c12f91b4254605e91a711\" class=\"sf-hero sf-section-element s2 pb-150 hero_min\">\n    <div class=\"sf-container\">\n                    <div class=\"sf-hero__body\">\n                                    <h1>Somos un equipo de expertos en marketing y especialistas en creaci\u00f3n de contenido<\/h1>\n                \n                            <\/div>\n            <\/div>\n<\/div>\n\n\n\n<div id=\"sf-team-block_1b9cb70177f467790b85a5fa56b9bc2a\" class=\"sf-team sf-section-element\">\n    <div class=\"sf-container\">\n                    <h2 class=\"sf-team__title\">Nuestro equipo<\/h2>\n        \n                    <div class=\"sf-team__row\">\n                                    <div class=\"sf-team__col\">\n                        <div class=\"sf-team__item\">\n                                                            <div class=\"sf-team__item-image\">\n                                    <img loading=\"lazy\" decoding=\"async\" width=\"1024\" height=\"1024\" src=\"https:\/\/www.syntax-finance.com\/wp-content\/uploads\/2024\/01\/file-1-1024x1024.png\" class=\"attachment-large size-large\" alt=\"\" srcset=\"https:\/\/www.syntax-finance.com\/wp-content\/uploads\/2024\/01\/file-1-1024x1024.png 1024w, https:\/\/www.syntax-finance.com\/wp-content\/uploads\/2024\/01\/file-1-300x300.png 300w, https:\/\/www.syntax-finance.com\/wp-content\/uploads\/2024\/01\/file-1-150x150.png 150w, https:\/\/www.syntax-finance.com\/wp-content\/uploads\/2024\/01\/file-1-768x768.png 768w, https:\/\/www.syntax-finance.com\/wp-content\/uploads\/2024\/01\/file-1-12x12.png 12w, https:\/\/www.syntax-finance.com\/wp-content\/uploads\/2024\/01\/file-1-60x60.png 60w, https:\/\/www.syntax-finance.com\/wp-content\/uploads\/2024\/01\/file-1.png 1080w\" sizes=\"auto, (max-width: 1024px) 100vw, 1024px\" \/>                                <\/div>\n                            \n                            <div class=\"sf-team__item-body\">\n                                <div class=\"sf-team__item-content\">\n                                    <h4 class=\"sf-team__item-name\">Maxime Parra<\/h4>\n                                                                            <p class=\"sf-team__item-position\">Founder &amp; Writer-in-chief<\/p>\n                                                                    <\/div>\n                            <\/div>\n\n                                                            <div class=\"sf-team__item-info\">\n                                    <div class=\"sf-team__item-info-wrap\">\n                                        <h4 class=\"sf-team__item-name\">Maxime Parra<\/h4>                                        Doble m\u00e1ster por la SKEMA Business School, con especializaci\u00f3n en an\u00e1lisis financiero internacional <br \/>\r\n<br \/>\r\nSuper\u00f3 los ex\u00e1menes para la certificaci\u00f3n CFA Nivel 1 (Chartered Financial Analyst)<br \/>\r\n<br \/>\r\nFundador y redactor jefe de Syntax Finance, Maxime asiste desde 2013 a las mejores empresas del sector financiero en el dise\u00f1o, ejecuci\u00f3n y camino hacia el \u00e9xito de sus estrategias de contenido                                    <\/div>\n                                <\/div>\n                                                    <\/div>\n                    <\/div>\n                                    <div class=\"sf-team__col\">\n                        <div class=\"sf-team__item\">\n                                                            <div class=\"sf-team__item-image\">\n                                    <img loading=\"lazy\" decoding=\"async\" width=\"1024\" height=\"1024\" src=\"https:\/\/www.syntax-finance.com\/wp-content\/uploads\/2024\/01\/Untitled-design-9-1024x1024.png\" class=\"attachment-large size-large\" alt=\"\" srcset=\"https:\/\/www.syntax-finance.com\/wp-content\/uploads\/2024\/01\/Untitled-design-9-1024x1024.png 1024w, https:\/\/www.syntax-finance.com\/wp-content\/uploads\/2024\/01\/Untitled-design-9-300x300.png 300w, https:\/\/www.syntax-finance.com\/wp-content\/uploads\/2024\/01\/Untitled-design-9-150x150.png 150w, https:\/\/www.syntax-finance.com\/wp-content\/uploads\/2024\/01\/Untitled-design-9-768x768.png 768w, https:\/\/www.syntax-finance.com\/wp-content\/uploads\/2024\/01\/Untitled-design-9-12x12.png 12w, https:\/\/www.syntax-finance.com\/wp-content\/uploads\/2024\/01\/Untitled-design-9-60x60.png 60w, https:\/\/www.syntax-finance.com\/wp-content\/uploads\/2024\/01\/Untitled-design-9.png 1080w\" sizes=\"auto, (max-width: 1024px) 100vw, 1024px\" \/>                                <\/div>\n                            \n                            <div class=\"sf-team__item-body\">\n                                <div class=\"sf-team__item-content\">\n                                    <h4 class=\"sf-team__item-name\">Othmane Bennis<\/h4>\n                                                                            <p class=\"sf-team__item-position\">Cofounder &amp; Lead Strategist<\/p>\n                                                                    <\/div>\n                            <\/div>\n\n                                                            <div class=\"sf-team__item-info\">\n                                    <div class=\"sf-team__item-info-wrap\">\n                                        <h4 class=\"sf-team__item-name\">Othmane Bennis<\/h4>                                        Doble m\u00e1ster por la SKEMA Business School, con especializaci\u00f3n en an\u00e1lisis financiero internacional <br \/>\r\n<br \/>\r\nSuper\u00f3 los ex\u00e1menes para la certificaci\u00f3n CFA Nivel 1 (Chartered Financial Analyst)<br \/>\r\n<br \/>\r\nCofundador y Lead Strategist, Othmane es especialista en marketing de crecimiento y ha desarrollado estrategias de contenido para m\u00e1s de 40 actores clave del sector de los servicios financieros                                    <\/div>\n                                <\/div>\n                                                    <\/div>\n                    <\/div>\n                                    <div class=\"sf-team__col\">\n                        <div class=\"sf-team__item\">\n                                                            <div class=\"sf-team__item-image\">\n                                    <img loading=\"lazy\" decoding=\"async\" width=\"1024\" height=\"1024\" src=\"https:\/\/www.syntax-finance.com\/wp-content\/uploads\/2024\/01\/Untitled-design-7-1024x1024.png\" class=\"attachment-large size-large\" alt=\"\" srcset=\"https:\/\/www.syntax-finance.com\/wp-content\/uploads\/2024\/01\/Untitled-design-7-1024x1024.png 1024w, https:\/\/www.syntax-finance.com\/wp-content\/uploads\/2024\/01\/Untitled-design-7-300x300.png 300w, https:\/\/www.syntax-finance.com\/wp-content\/uploads\/2024\/01\/Untitled-design-7-150x150.png 150w, https:\/\/www.syntax-finance.com\/wp-content\/uploads\/2024\/01\/Untitled-design-7-768x768.png 768w, https:\/\/www.syntax-finance.com\/wp-content\/uploads\/2024\/01\/Untitled-design-7-12x12.png 12w, https:\/\/www.syntax-finance.com\/wp-content\/uploads\/2024\/01\/Untitled-design-7-60x60.png 60w, https:\/\/www.syntax-finance.com\/wp-content\/uploads\/2024\/01\/Untitled-design-7.png 1080w\" sizes=\"auto, (max-width: 1024px) 100vw, 1024px\" \/>                                <\/div>\n                            \n                            <div class=\"sf-team__item-body\">\n                                <div class=\"sf-team__item-content\">\n                                    <h4 class=\"sf-team__item-name\">Audrey Croiset<\/h4>\n                                                                            <p class=\"sf-team__item-position\">Lead Copywriter<\/p>\n                                                                    <\/div>\n                            <\/div>\n\n                                                            <div class=\"sf-team__item-info\">\n                                    <div class=\"sf-team__item-info-wrap\">\n                                        <h4 class=\"sf-team__item-name\">Audrey Croiset<\/h4>                                        Estudios contables y financieros (Dipl\u00f4me d\u2019\u00e9tudes comptables et financi\u00e8res, DECF)<br \/>\r\n<br \/>\r\nEspecializaci\u00f3n: Banca como servicio (BaaS), pagos, finanzas integradas, Open Banking<br \/>\r\n<br \/>\r\nGracias a su polifac\u00e9tica formaci\u00f3n, Audrey redacta art\u00edculos especializados y fundamentados en los que combina su vasta experiencia en contabilidad, el mundo empresarial, la consultor\u00eda y su trabajo en Cr\u00e9dit Agricole                                     <\/div>\n                                <\/div>\n                                                    <\/div>\n                    <\/div>\n                                    <div class=\"sf-team__col\">\n                        <div class=\"sf-team__item\">\n                                                            <div class=\"sf-team__item-image\">\n                                    <img loading=\"lazy\" decoding=\"async\" width=\"1024\" height=\"1024\" src=\"https:\/\/www.syntax-finance.com\/wp-content\/uploads\/2024\/01\/Untitled-design-6-1024x1024.png\" class=\"attachment-large size-large\" alt=\"\" srcset=\"https:\/\/www.syntax-finance.com\/wp-content\/uploads\/2024\/01\/Untitled-design-6-1024x1024.png 1024w, https:\/\/www.syntax-finance.com\/wp-content\/uploads\/2024\/01\/Untitled-design-6-300x300.png 300w, https:\/\/www.syntax-finance.com\/wp-content\/uploads\/2024\/01\/Untitled-design-6-150x150.png 150w, https:\/\/www.syntax-finance.com\/wp-content\/uploads\/2024\/01\/Untitled-design-6-768x768.png 768w, https:\/\/www.syntax-finance.com\/wp-content\/uploads\/2024\/01\/Untitled-design-6-12x12.png 12w, https:\/\/www.syntax-finance.com\/wp-content\/uploads\/2024\/01\/Untitled-design-6-60x60.png 60w, https:\/\/www.syntax-finance.com\/wp-content\/uploads\/2024\/01\/Untitled-design-6.png 1080w\" sizes=\"auto, (max-width: 1024px) 100vw, 1024px\" \/>                                <\/div>\n                            \n                            <div class=\"sf-team__item-body\">\n                                <div class=\"sf-team__item-content\">\n                                    <h4 class=\"sf-team__item-name\">L\u00faa Cruz Fern\u00e1ndez<\/h4>\n                                                                            <p class=\"sf-team__item-position\">International Content Manager <\/p>\n                                                                    <\/div>\n                            <\/div>\n\n                                                            <div class=\"sf-team__item-info\">\n                                    <div class=\"sf-team__item-info-wrap\">\n                                        <h4 class=\"sf-team__item-name\">L\u00faa Cruz Fern\u00e1ndez<\/h4>                                        M\u00e1ster en Traducci\u00f3n para la Comunicaci\u00f3n Internacional<br \/>\r\n<br \/>\r\nEspecializaci\u00f3n: Divisas, banca como servicio (BaaS), pagos, trading<br \/>\r\n<br \/>\r\nL\u00faa garantiza la calidad y relevancia de los contenidos que produce. Presta una atenci\u00f3n minuciosa a los detalles y a las necesidades espec\u00edficas de los proyectos que dirige. Adem\u00e1s, su experiencia en traducci\u00f3n y localizaci\u00f3n la convierten en un activo muy valioso para la comunicaci\u00f3n a nivel internacional                                    <\/div>\n                                <\/div>\n                                                    <\/div>\n                    <\/div>\n                            <\/div>\n            <\/div>\n<\/div>\n\n\n<div id=\"sf-history-block_44a102cb63c7aafd49fb456049f2444b\" class=\"sf-history sf-section-element\">\n\t<div class=\"sf-container\">\n\t\t\t\t\t<h2>Somos una agencia de \u00e9xito demostrado<br \/>\r\nal servicio de su equipo de marketing<\/h2>\n\t\t\n\t\t\t\t\t<div class=\"sf-history__wrap\">\n\t\t\t\t\t\t\t\t\t<div class=\"sf-history__block block_start\">\n\t\t\t\t\t\t<div class=\"sf-history__block-content\">\n                            <div class=\"sf-history__block-info\">\n                                <div class=\"sf-history__block-number\">10<\/div>\n                                <span class=\"sf-history__block-label\">a\u00f1os<\/span>\n                            <\/div>\n\t\t\t\t\t\t\t<h4>Llevamos una d\u00e9cada perfeccionando nuestros procesos con marcas de primer nivel<\/h4>\n\t\t\t\t\t\t<\/div>\n\t\t\t\t\t<\/div>\n\t\t\t\t\t\t\t\t\t<div class=\"sf-history__block block_center\">\n\t\t\t\t\t\t<div class=\"sf-history__block-content\">\n                            <div class=\"sf-history__block-info\">\n                                <div class=\"sf-history__block-number\">50<\/div>\n                                <span class=\"sf-history__block-label\">especialistas<\/span>\n                            <\/div>\n\t\t\t\t\t\t\t<h4>Nuestra red est\u00e1 integrada por m\u00e1s de 50 especialistas financieros y en marketing<\/h4>\n\t\t\t\t\t\t<\/div>\n\t\t\t\t\t<\/div>\n\t\t\t\t\t\t\t\t\t<div class=\"sf-history__block block_end\">\n\t\t\t\t\t\t<div class=\"sf-history__block-content\">\n                            <div class=\"sf-history__block-info\">\n                                <div class=\"sf-history__block-number\">360\u00ba<\/div>\n                                <span class=\"sf-history__block-label\">Tech stack<\/span>\n                            <\/div>\n\t\t\t\t\t\t\t<h4>Nuestra suite de tecnolog\u00edas de vanguardia est\u00e1 orientada a ayudarle a crecer<\/h4>\n\t\t\t\t\t\t<\/div>\n\t\t\t\t\t<\/div>\n\t\t\t\t\t\t\t<\/div>\n\t\t\t<\/div>\n<\/div>\n\n\n\n\n<div id=\"sf-join-block_35475863b9969b89799d8b256ab5728c\" class=\"sf-join sf-section-element\">\n    <div class=\"sf-container\">\n        <div class=\"sf-join__wrap\">\n                            <h2>Nuestros valores<\/h2>\n                        \n                            <h3 class=\" translation-block\">Convertimos las intuiciones en hip\u00f3tesis y las ponemos a prueba.<br>\nCuestionamos constructivamente las ideas.<br>\nSiempre actuamos en inter\u00e9s de nuestros clientes.<br>\nNos centramos en los resultados.<br>\n<br>\n<br>\n\u00bfQuiere unirse a nuestro equipo?<\/h3>\n            \n                    <a href=\"https:\/\/forms.gle\/Bo4mqsjZis3qsjtu5\" class=\"sf-btn sf-btn_arrow sf-btn_white sf-btn_center\" target=\"_blank\" rel=\"noopener\">\n            M\u00e1s informaci\u00f3n            <span>\n                <svg width=\"16\" height=\"9\" viewbox=\"0 0 16 9\" fill=\"none\" xmlns=\"http:\/\/www.w3.org\/2000\/svg\">\n                    <path d=\"M15.1847 4.85355C15.38 4.65829 15.38 4.34171 15.1847 4.14645L12.0027 0.964466C11.8075 0.769204 11.4909 0.769204 11.2956 0.964466C11.1004 1.15973 11.1004 1.47631 11.2956 1.67157L14.1241 4.5L11.2956 7.32843C11.1004 7.52369 11.1004 7.84027 11.2956 8.03553C11.4909 8.2308 11.8075 8.2308 12.0027 8.03553L15.1847 4.85355ZM0.5 5H14.8312V4H0.5V5Z\" fill=\"black\" \/>\n                <\/svg>\n            <\/span>\n        <\/a>\n                <\/div>\n    <\/div>\n<\/div>","protected":false},"excerpt":{"rendered":"","protected":false},"author":1,"featured_media":0,"parent":0,"menu_order":0,"comment_status":"closed","ping_status":"closed","template":"","meta":{"inline_featured_image":false,"footnotes":""},"class_list":["post-5","page","type-page","status-publish","hentry"],"acf":[],"_links":{"self":[{"href":"https:\/\/www.syntax-finance.com\/es\/wp-json\/wp\/v2\/pages\/5","targetHints":{"allow":["GET"]}}],"collection":[{"href":"https:\/\/www.syntax-finance.com\/es\/wp-json\/wp\/v2\/pages"}],"about":[{"href":"https:\/\/www.syntax-finance.com\/es\/wp-json\/wp\/v2\/types\/page"}],"author":[{"embeddable":true,"href":"https:\/\/www.syntax-finance.com\/es\/wp-json\/wp\/v2\/users\/1"}],"replies":[{"embeddable":true,"href":"https:\/\/www.syntax-finance.com\/es\/wp-json\/wp\/v2\/comments?post=5"}],"version-history":[{"count":28,"href":"https:\/\/www.syntax-finance.com\/es\/wp-json\/wp\/v2\/pages\/5\/revisions"}],"predecessor-version":[{"id":406,"href":"https:\/\/www.syntax-finance.com\/es\/wp-json\/wp\/v2\/pages\/5\/revisions\/406"}],"wp:attachment":[{"href":"https:\/\/www.syntax-finance.com\/es\/wp-json\/wp\/v2\/media?parent=5"}],"curies":[{"name":"wp","href":"https:\/\/api.w.org\/{rel}","templated":true}]}}