{"id":265,"date":"2024-02-27T07:54:46","date_gmt":"2024-02-27T07:54:46","guid":{"rendered":"https:\/\/www.syntax-finance.com\/?page_id=265"},"modified":"2024-02-27T16:52:48","modified_gmt":"2024-02-27T16:52:48","slug":"legal","status":"publish","type":"page","link":"https:\/\/www.syntax-finance.com\/es\/legal\/","title":{"rendered":"Aviso legal"},"content":{"rendered":"<h3 class=\"wp-block-heading\">RESPONSABLE DE LA PUBLICACI\u00d3N<\/h3>\n\n\n\n<p>Este sitio web est\u00e1 gestionado por SYNTAX FINANCE, sociedad por acciones simplificada (SAS) con un capital de 70 000 euros, inscrita en el Registro Mercantil de Burdeos (RCS) con el n\u00famero 794 082 7840 0024, con domicilio social en 3, All\u00e9e Van Gogh, Saint-Aubin de M\u00e9doc \u2013 33160, representada por su director general, Maxime Parra.<\/p>\n\n\n\n<h3 class=\"wp-block-heading\">DIRECTOR DE PUBLICACI\u00d3N<\/h3>\n\n\n\n<p class=\" translation-block\">El Director de la publicaci\u00f3n del sitio web es el sr. Maxime Parra.<br>Correo electr\u00f3nico: contact(@)syntax-finance.com.<br>Dise\u00f1o y mantenimiento del sitio web: interno.<br>De conformidad con los derechos otorgados por la <strong><em> Ley de 29 de julio de 1881 <\/em><\/strong> (Ley n\u00ba 1881-07-29) sobre la libertad de prensa y la <strong><em> Ley de 30 de septiembre de 1986 <\/em><\/strong> (Ley n\u00ba 86-1067) relativa a la libertad de comunicaci\u00f3n francesas, toda correspondencia debe dirigirse al Director de la publicaci\u00f3n.<\/p>\n\n\n\n<h3 class=\"wp-block-heading\">PROVEEDOR DEL ALOJAMIENTO<\/h3>\n\n\n\n<p class=\" translation-block\">Cloudways es una empresa internacional de alojamiento web. Su domicilio social se encuentra en Malta. Junction Business Centre, 1st Floor Sqaq Lourdes, St Julians STJ3334, Malta. Sitio web: https:\/\/www.cloudways.com\/.<\/p>\n\n\n\n<h3 class=\"wp-block-heading\">AUTOR\u00cdA DEL SITIO WEB<\/h3>\n\n\n\n<p class=\" translation-block\">Herramientas de gesti\u00f3n de contenido: WordPress y Syntax Finance.<br> Creaci\u00f3n del sitio web: Syntax Finance.<\/p>","protected":false},"excerpt":{"rendered":"<p>PUBLISHER This site is published by SYNTAX FINANCE, SAS with a capital of 70,000 euros, registered under number 794 082 7840 0024 at the Bordeaux RCS, having a registered office at 3, All\u00e9e Van Gogh, Saint-Aubin de M\u00e9doc \u2013 33160, and represented by its CEO, Maxime Parra. MANAGING EDITOR The Managing Editor of the site [&hellip;]<\/p>","protected":false},"author":1,"featured_media":0,"parent":0,"menu_order":0,"comment_status":"closed","ping_status":"closed","template":"","meta":{"inline_featured_image":false,"footnotes":""},"class_list":["post-265","page","type-page","status-publish","hentry"],"acf":[],"_links":{"self":[{"href":"https:\/\/www.syntax-finance.com\/es\/wp-json\/wp\/v2\/pages\/265","targetHints":{"allow":["GET"]}}],"collection":[{"href":"https:\/\/www.syntax-finance.com\/es\/wp-json\/wp\/v2\/pages"}],"about":[{"href":"https:\/\/www.syntax-finance.com\/es\/wp-json\/wp\/v2\/types\/page"}],"author":[{"embeddable":true,"href":"https:\/\/www.syntax-finance.com\/es\/wp-json\/wp\/v2\/users\/1"}],"replies":[{"embeddable":true,"href":"https:\/\/www.syntax-finance.com\/es\/wp-json\/wp\/v2\/comments?post=265"}],"version-history":[{"count":5,"href":"https:\/\/www.syntax-finance.com\/es\/wp-json\/wp\/v2\/pages\/265\/revisions"}],"predecessor-version":[{"id":302,"href":"https:\/\/www.syntax-finance.com\/es\/wp-json\/wp\/v2\/pages\/265\/revisions\/302"}],"wp:attachment":[{"href":"https:\/\/www.syntax-finance.com\/es\/wp-json\/wp\/v2\/media?parent=265"}],"curies":[{"name":"wp","href":"https:\/\/api.w.org\/{rel}","templated":true}]}}